{"id":2,"date":"2022-06-06T10:23:25","date_gmt":"2022-06-06T08:23:25","guid":{"rendered":"http:\/\/domainedeprandiere.com\/?page_id=2"},"modified":"2023-07-18T11:09:16","modified_gmt":"2023-07-18T09:09:16","slug":"page-d-exemple","status":"publish","type":"page","link":"https:\/\/domainedeprandiere.com\/","title":{"rendered":"Le domaine de Prandi\u00e8re"},"content":{"rendered":"\n<figure class=\"wp-block-image size-large\"><img loading=\"lazy\" decoding=\"async\" width=\"1024\" height=\"1024\" src=\"https:\/\/domainedeprandiere.com\/wp-content\/uploads\/2022\/06\/Logo-gite-domaine-de-prandiere-1-1024x1024.png\" alt=\"\" class=\"wp-image-41\" srcset=\"https:\/\/domainedeprandiere.com\/wp-content\/uploads\/2022\/06\/Logo-gite-domaine-de-prandiere-1-1024x1024.png 1024w, https:\/\/domainedeprandiere.com\/wp-content\/uploads\/2022\/06\/Logo-gite-domaine-de-prandiere-1-300x300.png 300w, https:\/\/domainedeprandiere.com\/wp-content\/uploads\/2022\/06\/Logo-gite-domaine-de-prandiere-1-150x150.png 150w, https:\/\/domainedeprandiere.com\/wp-content\/uploads\/2022\/06\/Logo-gite-domaine-de-prandiere-1-768x768.png 768w, https:\/\/domainedeprandiere.com\/wp-content\/uploads\/2022\/06\/Logo-gite-domaine-de-prandiere-1.png 1181w\" sizes=\"auto, (max-width: 1024px) 100vw, 1024px\" \/><\/figure>\n\n\n\n<p class=\"has-text-align-center\">Vous souhaitez passer des vacances au calme, au plus proche de la nature ? Vous \u00eates certainement \u00e0 la bonne adresse. <\/p>\n\n\n\n<p class=\"has-text-align-center\">Notre gite Le domaine de Prandi\u00e8re est un lieu \u00e0 part, entour\u00e9 par une faune et une flore exceptionnelles !<\/p>\n\n\n\n<p class=\"has-text-align-center\"><strong>Notre passion pour la nature et les animaux vous offre une exp\u00e9rience unique de d\u00e9couverte de nombreuses vari\u00e9t\u00e9s d&rsquo;oiseaux, et d&rsquo;animaux (id\u00e9al pour un safari photo !)                                       Sur le domaine, vous trouverez une grande voli\u00e8re \u00e0 oiseaux (Ibis, spatules, tantale-ibis, sternes&#8230;) ainsi que des wallaby albinos, des alpagas, des antilopes, des ch\u00e8vres naines&#8230;<\/strong><\/p>\n\n\n\n<p class=\"has-text-align-center\">Notre g\u00eete enti\u00e8rement r\u00e9nov\u00e9e en 2022, vous offre un s\u00e9jour in\u00e9dit, en pleine nature. Que vous soyez en famille, entre amis, en amoureux, venez s\u00e9journer dans ce havre de paix.<\/p>\n\n\n\n<p class=\"has-text-align-center\">Avec sa surface de 225 m2, il est compos\u00e9 de deux niveaux et peut accueillir jusqu\u2019\u00e0 14 personnes. <\/p>\n\n\n\n<p class=\"has-text-align-center\">Pour votre confort, les lits sont pr\u00eats \u00e0 votre arriv\u00e9e et le m\u00e9nage de fin de s\u00e9jour est effectu\u00e9 par nos soins pour vous garantir un g\u00eete impeccable ! Acc\u00e8s Wifi inclus.<\/p>\n\n\n\n<figure class=\"wp-block-image size-large\"><img loading=\"lazy\" decoding=\"async\" width=\"1024\" height=\"1024\" src=\"https:\/\/domainedeprandiere.com\/wp-content\/uploads\/2023\/07\/LogoGITESDEFRANCECouleur-1538057708-1024x1024.jpg\" alt=\"\" class=\"wp-image-164\" srcset=\"https:\/\/domainedeprandiere.com\/wp-content\/uploads\/2023\/07\/LogoGITESDEFRANCECouleur-1538057708-1024x1024.jpg 1024w, https:\/\/domainedeprandiere.com\/wp-content\/uploads\/2023\/07\/LogoGITESDEFRANCECouleur-1538057708-300x300.jpg 300w, https:\/\/domainedeprandiere.com\/wp-content\/uploads\/2023\/07\/LogoGITESDEFRANCECouleur-1538057708-150x150.jpg 150w, https:\/\/domainedeprandiere.com\/wp-content\/uploads\/2023\/07\/LogoGITESDEFRANCECouleur-1538057708-768x767.jpg 768w, https:\/\/domainedeprandiere.com\/wp-content\/uploads\/2023\/07\/LogoGITESDEFRANCECouleur-1538057708.jpg 1419w\" sizes=\"auto, (max-width: 1024px) 100vw, 1024px\" \/><\/figure>\n","protected":false},"excerpt":{"rendered":"<p>Vous souhaitez passer des vacances au calme, au plus proche de la nature ? Vous \u00eates certainement \u00e0 la bonne adresse. Notre gite Le domaine de Prandi\u00e8re est un lieu \u00e0 part, entour\u00e9 par une faune et une flore exceptionnelles ! Notre passion pour la nature et les animaux vous offre une exp\u00e9rience unique de&hellip; <a class=\"more-link\" href=\"https:\/\/domainedeprandiere.com\/\">Poursuivre la lecture <span class=\"screen-reader-text\">Le domaine de Prandi\u00e8re<\/span><\/a><\/p>\n","protected":false},"author":1,"featured_media":0,"parent":0,"menu_order":0,"comment_status":"closed","ping_status":"open","template":"","meta":{"footnotes":""},"class_list":["post-2","page","type-page","status-publish","hentry","entry"],"_links":{"self":[{"href":"https:\/\/domainedeprandiere.com\/index.php\/wp-json\/wp\/v2\/pages\/2","targetHints":{"allow":["GET"]}}],"collection":[{"href":"https:\/\/domainedeprandiere.com\/index.php\/wp-json\/wp\/v2\/pages"}],"about":[{"href":"https:\/\/domainedeprandiere.com\/index.php\/wp-json\/wp\/v2\/types\/page"}],"author":[{"embeddable":true,"href":"https:\/\/domainedeprandiere.com\/index.php\/wp-json\/wp\/v2\/users\/1"}],"replies":[{"embeddable":true,"href":"https:\/\/domainedeprandiere.com\/index.php\/wp-json\/wp\/v2\/comments?post=2"}],"version-history":[{"count":8,"href":"https:\/\/domainedeprandiere.com\/index.php\/wp-json\/wp\/v2\/pages\/2\/revisions"}],"predecessor-version":[{"id":165,"href":"https:\/\/domainedeprandiere.com\/index.php\/wp-json\/wp\/v2\/pages\/2\/revisions\/165"}],"wp:attachment":[{"href":"https:\/\/domainedeprandiere.com\/index.php\/wp-json\/wp\/v2\/media?parent=2"}],"curies":[{"name":"wp","href":"https:\/\/api.w.org\/{rel}","templated":true}]}}